{"id":186,"date":"2024-07-18T16:35:19","date_gmt":"2024-07-18T16:35:19","guid":{"rendered":"https:\/\/iscsewing.com\/?page_id=186"},"modified":"2024-08-12T08:59:18","modified_gmt":"2024-08-12T08:59:18","slug":"consulting","status":"publish","type":"page","link":"https:\/\/iscsewing.com\/es\/consulting\/","title":{"rendered":"Consultor\u00eda"},"content":{"rendered":"<div class=\"gb-container gb-container-ea751c93 alignfull\">\n<div class=\"gb-container gb-container-02c8a35c\">\n\n<h2 class=\"wp-block-heading has-text-align-center\">Consultor\u00eda<\/h2>\n\n\n\n<h5 class=\"wp-block-heading has-text-align-center\">Transformando la costura industrial con experiencia e innovaci\u00f3n.<\/h5>\n\n<\/div>\n<\/div>\n\n<div class=\"gb-container gb-container-419c64d8 alignfull\">\n<div class=\"gb-container gb-container-9632ed12\">\n\n<h3 class=\"gb-headline gb-headline-1ba13694 gb-headline-text\">En ISC Consulting, aprovechamos m\u00e1s de 45 a\u00f1os de experiencia en la industria para brindar conocimientos de primer nivel y soluciones innovadoras para las empresas del sector de la costura industrial. Nuestra misi\u00f3n es ayudar a las empresas a optimizar sus operaciones de costura, mejorar la eficiencia y lograr una calidad superior del producto.<\/h3>\n\n<\/div>\n<\/div>\n\n<div class=\"gb-container gb-container-dd27713c alignfull\">\n<div class=\"gb-container gb-container-7fb19904\">\n<div class=\"gb-grid-wrapper gb-grid-wrapper-5b1c8b66\">\n<div class=\"gb-grid-column gb-grid-column-e3fd6847\"><div class=\"gb-container gb-container-e3fd6847\">\n\n<figure class=\"gb-block-image gb-block-image-020de4e1\"><img loading=\"lazy\" decoding=\"async\" width=\"1024\" height=\"768\" class=\"gb-image gb-image-020de4e1\" src=\"https:\/\/iscsewing.com\/wp-content\/uploads\/2024\/07\/ISC-Commiment-to-excelence.jpg\" alt=\"Commiment to excelence\" title=\"ISC-Commiment a la excelencia\" srcset=\"https:\/\/iscsewing.com\/wp-content\/uploads\/2024\/07\/ISC-Commiment-to-excelence.jpg 1024w, https:\/\/iscsewing.com\/wp-content\/uploads\/2024\/07\/ISC-Commiment-to-excelence-300x225.jpg 300w, https:\/\/iscsewing.com\/wp-content\/uploads\/2024\/07\/ISC-Commiment-to-excelence-768x576.jpg 768w\" sizes=\"auto, (max-width: 1024px) 100vw, 1024px\" \/><\/figure>\n\n<\/div><\/div>\n\n<div class=\"gb-grid-column gb-grid-column-2599c6cf\"><div class=\"gb-container gb-container-2599c6cf\">\n\n<h5 class=\"gb-headline gb-headline-67574fba gb-headline-text\">Servicios de consultor\u00eda.<\/h5>\n\n\n\n<h2 class=\"gb-headline gb-headline-13a3af4d gb-headline-text\">Transforme sus operaciones de costura con nuestros servicios integrales de consultor\u00eda.<\/h2>\n\n\n\n<h4 class=\"gb-headline gb-headline-b6882857 gb-headline-text\">Gracias a nuestra amplia experiencia visitando f\u00e1bricas en m\u00e1s de 70 pa\u00edses y asistiendo a importantes ferias comerciales desde 1980, ofrecemos asistencia integral adaptada a sus necesidades espec\u00edficas.<\/h4>\n\n\n\n<ul class=\"wp-block-list\">\n<li><strong>Optimizaci\u00f3n Del Flujo De Trabajo<\/strong>: analizamos sus procesos actuales para implementar estrategias que agilicen las operaciones, reduzcan el desperdicio y aumenten la productividad.<\/li>\n\n\n\n<li><strong>Recomendaciones De Equipos<\/strong>: utilizando nuestro amplio conocimiento de la industria, asesoramos sobre las mejores m\u00e1quinas de coser y equipos adaptados a sus necesidades espec\u00edficas, asegurando un rendimiento \u00f3ptimo.<\/li>\n\n\n\n<li><strong>Programas De Capacitaci\u00f3n<\/strong>: nuestras sesiones de capacitaci\u00f3n integrales equipan a su equipo con las habilidades y el conocimiento necesarios para operar la maquinaria de manera eficiente y seguir las mejores pr\u00e1cticas en costura industrial.<\/li>\n\n\n\n<li><strong>Programas de mantenimiento<\/strong>: desarrolle e implemente programas de mantenimiento preventivo para extender la vida \u00fatil de su equipo, minimizar el tiempo de inactividad y garantizar una eficiencia de producci\u00f3n continua.<\/li>\n\n\n\n<li><strong>Control De Calidad<\/strong>: ayudamos a establecer sistemas de control de calidad s\u00f3lidos para garantizar que sus productos cumplan con los est\u00e1ndares m\u00e1s altos y reduzcan las tasas de defectos.<\/li>\n\n\n\n<li><strong>Planificaci\u00f3n De La Producci\u00f3n<\/strong>: nuestros expertos ayudan a desarrollar programas de producci\u00f3n y flujos de trabajo efectivos para cumplir con los plazos y administrar los recursos de manera eficiente.<\/li>\n<\/ul>\n\n<\/div><\/div>\n<\/div>\n<\/div>\n<\/div>\n\n<div class=\"gb-container gb-container-19fffa94 alignfull\">\n<div class=\"gb-container gb-container-4506abe4\">\n<div class=\"gb-grid-wrapper gb-grid-wrapper-3c1c55ed\">\n<div class=\"gb-grid-column gb-grid-column-af802ee1\"><div class=\"gb-container gb-container-af802ee1\">\n\n<h5 class=\"gb-headline gb-headline-86f564c6 gb-headline-text\">Consultor\u00eda de marketing.<\/h5>\n\n\n\n<h2 class=\"gb-headline gb-headline-f4bcd4fb gb-headline-text\">Amplifique su marca con experiencia en marketing estrat\u00e9gico.<\/h2>\n\n\n\n<h4 class=\"gb-headline gb-headline-80c95519 gb-headline-text\">En el panorama competitivo actual, el marketing eficaz es crucial para el \u00e9xito. Nuestros servicios de consultor\u00eda de marketing est\u00e1n dise\u00f1ados para ayudarlo a alcanzar sus objetivos comerciales y conectarse con su p\u00fablico objetivo.<\/h4>\n\n\n\n<ul class=\"wp-block-list\">\n<li><strong>Posicionamiento de marca<\/strong>: trabajamos con usted para definir la propuesta de valor \u00fanica de su marca y diferenciarla en el mercado.<\/li>\n\n\n\n<li><strong>An\u00e1lisis de mercado<\/strong>: obtenga informaci\u00f3n sobre las tendencias del mercado y las preferencias de los clientes para informar sus estrategias comerciales e identificar oportunidades de crecimiento.<\/li>\n\n\n\n<li><strong>Marketing digital<\/strong>: aproveche los canales digitales para aumentar la visibilidad y la participaci\u00f3n de su marca, utilizando las \u00faltimas t\u00e9cnicas en redes sociales, SEO y marketing de contenido.<\/li>\n\n\n\n<li><strong>Creaci\u00f3n de sitios web<\/strong>: desarrolle un sitio web atractivo y f\u00e1cil de usar que muestre su marca, comunique su valor e impulse la participaci\u00f3n del cliente.<\/li>\n\n\n\n<li><strong>Estrategia de redes sociales<\/strong>: cree y ejecute estrategias efectivas de redes sociales para generar conciencia de marca, fomentar la participaci\u00f3n de la comunidad e impulsar el crecimiento empresarial.<\/li>\n\n\n\n<li><strong>Desarrollo de campa\u00f1as<\/strong>: cree campa\u00f1as de marketing impactantes que resuenen con su audiencia y generen resultados.<\/li>\n\n\n\n<li><strong>Compromiso con el cliente<\/strong>: Construya relaciones s\u00f3lidas con sus clientes a trav\u00e9s de experiencias personalizadas y comunicaciones espec\u00edficas.<\/li>\n<\/ul>\n\n<\/div><\/div>\n\n<div class=\"gb-grid-column gb-grid-column-bf5cb03e\"><div class=\"gb-container gb-container-bf5cb03e\">\n\n<figure class=\"gb-block-image gb-block-image-32ff536c\"><img loading=\"lazy\" decoding=\"async\" width=\"1080\" height=\"720\" class=\"gb-image gb-image-32ff536c\" src=\"https:\/\/iscsewing.com\/wp-content\/uploads\/2024\/08\/consulting-ISC.jpg\" alt=\"Marketing Consulting\" title=\"consulting-ISC\" srcset=\"https:\/\/iscsewing.com\/wp-content\/uploads\/2024\/08\/consulting-ISC.jpg 1080w, https:\/\/iscsewing.com\/wp-content\/uploads\/2024\/08\/consulting-ISC-300x200.jpg 300w, https:\/\/iscsewing.com\/wp-content\/uploads\/2024\/08\/consulting-ISC-1024x683.jpg 1024w, https:\/\/iscsewing.com\/wp-content\/uploads\/2024\/08\/consulting-ISC-768x512.jpg 768w, https:\/\/iscsewing.com\/wp-content\/uploads\/2024\/08\/consulting-ISC-18x12.jpg 18w, https:\/\/iscsewing.com\/wp-content\/uploads\/2024\/08\/consulting-ISC-600x400.jpg 600w, https:\/\/iscsewing.com\/wp-content\/uploads\/2024\/08\/consulting-ISC-240x160.jpg 240w\" sizes=\"auto, (max-width: 1080px) 100vw, 1080px\" \/><\/figure>\n\n<\/div><\/div>\n<\/div>\n<\/div>\n<\/div>\n\n<div class=\"gb-container gb-container-cc2bb84e alignfull\">\n<div class=\"gb-container gb-container-e4fb6b1c\">\n\n<h3 class=\"gb-headline gb-headline-ea1d70ed gb-headline-text\">\u00danase a las empresas exitosas que han transformado sus operaciones de costura industrial con nuestros servicios de consultor\u00eda experta.<\/h3>\n\n\n<div class=\"gb-container gb-container-6f1206f1\">\n<div class=\"gb-grid-wrapper gb-grid-wrapper-74db93fd\">\n<div class=\"gb-grid-column gb-grid-column-8db96387\"><div class=\"gb-container gb-container-8db96387\">\n\n<h4 class=\"gb-headline gb-headline-5d50a2c7 gb-headline-text\">En Industrial Sewing Consulting, estamos comprometidos a ayudar a coser el futuro de su negocio.<\/h4>\n\n<\/div><\/div>\n\n<div class=\"gb-grid-column gb-grid-column-f7060bb3\"><div class=\"gb-container gb-container-f7060bb3\">\n\n<a class=\"gb-button gb-button-a8a0e3e1 gb-button-text\" href=\"https:\/\/iscsewing.com\/es\/contact\/\">CONT\u00c1CTENOS AQU\u00cd<\/a>\n\n<\/div><\/div>\n<\/div>\n<\/div>\n<\/div>\n<\/div>","protected":false},"excerpt":{"rendered":"<p>Consulting Transforming Industrial Sewing with Expertise and Innovation. At ISC Consulting, we leverage over 45 years of industry experience to provide top-tier expertise and innovative solutions for businesses in the industrial sewing sector. Our mission is to help companies optimize their sewing operations, enhance efficiency, and achieve superior product quality. Join the ranks of successful &#8230; <a title=\"Consultor\u00eda\" class=\"read-more\" href=\"https:\/\/iscsewing.com\/es\/consulting\/\" aria-label=\"Leer m\u00e1s sobre Consulting\">Leer m\u00e1s<\/a><\/p>","protected":false},"author":1,"featured_media":0,"parent":0,"menu_order":0,"comment_status":"closed","ping_status":"closed","template":"","meta":{"footnotes":""},"class_list":["post-186","page","type-page","status-publish"],"yoast_head":"<!-- This site is optimized with the Yoast SEO plugin v27.4 - https:\/\/yoast.com\/product\/yoast-seo-wordpress\/ -->\n<title>Consulting - ISC - Industrial Sewing Consulting LLC<\/title>\n<meta name=\"description\" content=\"Our consulting services include technical foundations, advanced training, and strategic insights. Contact us today for more info.\" \/>\n<meta name=\"robots\" content=\"index, follow, max-snippet:-1, max-image-preview:large, max-video-preview:-1\" \/>\n<link rel=\"canonical\" href=\"https:\/\/iscsewing.com\/es\/consulting\/\" \/>\n<meta property=\"og:locale\" content=\"es_ES\" \/>\n<meta property=\"og:type\" content=\"article\" \/>\n<meta property=\"og:title\" content=\"Consulting - ISC - Industrial Sewing Consulting LLC\" \/>\n<meta property=\"og:description\" content=\"Our consulting services include technical foundations, advanced training, and strategic insights. Contact us today for more info.\" \/>\n<meta property=\"og:url\" content=\"https:\/\/iscsewing.com\/es\/consulting\/\" \/>\n<meta property=\"og:site_name\" content=\"ISC - Industrial Sewing Consulting LLC\" \/>\n<meta property=\"article:publisher\" content=\"https:\/\/www.facebook.com\/profile.php?id=61560347177338\" \/>\n<meta property=\"article:modified_time\" content=\"2024-08-12T08:59:18+00:00\" \/>\n<meta property=\"og:image\" content=\"https:\/\/iscsewing.com\/wp-content\/uploads\/2024\/07\/ISC-Commiment-to-excelence.jpg\" \/>\n<meta name=\"twitter:card\" content=\"summary_large_image\" \/>\n<meta name=\"twitter:label1\" content=\"Tiempo de lectura\" \/>\n\t<meta name=\"twitter:data1\" content=\"3 minutos\" \/>\n<script type=\"application\/ld+json\" class=\"yoast-schema-graph\">{\"@context\":\"https:\\\/\\\/schema.org\",\"@graph\":[{\"@type\":\"WebPage\",\"@id\":\"https:\\\/\\\/iscsewing.com\\\/consulting\\\/\",\"url\":\"https:\\\/\\\/iscsewing.com\\\/consulting\\\/\",\"name\":\"Consulting - ISC - Industrial Sewing Consulting LLC\",\"isPartOf\":{\"@id\":\"https:\\\/\\\/iscsewing.com\\\/#website\"},\"primaryImageOfPage\":{\"@id\":\"https:\\\/\\\/iscsewing.com\\\/consulting\\\/#primaryimage\"},\"image\":{\"@id\":\"https:\\\/\\\/iscsewing.com\\\/consulting\\\/#primaryimage\"},\"thumbnailUrl\":\"https:\\\/\\\/iscsewing.com\\\/wp-content\\\/uploads\\\/2024\\\/07\\\/ISC-Commiment-to-excelence.jpg\",\"datePublished\":\"2024-07-18T16:35:19+00:00\",\"dateModified\":\"2024-08-12T08:59:18+00:00\",\"description\":\"Our consulting services include technical foundations, advanced training, and strategic insights. Contact us today for more info.\",\"breadcrumb\":{\"@id\":\"https:\\\/\\\/iscsewing.com\\\/consulting\\\/#breadcrumb\"},\"inLanguage\":\"es\",\"potentialAction\":[{\"@type\":\"ReadAction\",\"target\":[\"https:\\\/\\\/iscsewing.com\\\/consulting\\\/\"]}]},{\"@type\":\"ImageObject\",\"inLanguage\":\"es\",\"@id\":\"https:\\\/\\\/iscsewing.com\\\/consulting\\\/#primaryimage\",\"url\":\"https:\\\/\\\/iscsewing.com\\\/wp-content\\\/uploads\\\/2024\\\/07\\\/ISC-Commiment-to-excelence.jpg\",\"contentUrl\":\"https:\\\/\\\/iscsewing.com\\\/wp-content\\\/uploads\\\/2024\\\/07\\\/ISC-Commiment-to-excelence.jpg\"},{\"@type\":\"BreadcrumbList\",\"@id\":\"https:\\\/\\\/iscsewing.com\\\/consulting\\\/#breadcrumb\",\"itemListElement\":[{\"@type\":\"ListItem\",\"position\":1,\"name\":\"Home\",\"item\":\"https:\\\/\\\/iscsewing.com\\\/\"},{\"@type\":\"ListItem\",\"position\":2,\"name\":\"Consulting\"}]},{\"@type\":\"WebSite\",\"@id\":\"https:\\\/\\\/iscsewing.com\\\/#website\",\"url\":\"https:\\\/\\\/iscsewing.com\\\/\",\"name\":\"ISCsewing.com\",\"description\":\"Expert in manufacturing and industrial sewing industry.\",\"publisher\":{\"@id\":\"https:\\\/\\\/iscsewing.com\\\/#organization\"},\"alternateName\":\"ISC Industrial Sewing Consulting LLC\",\"potentialAction\":[{\"@type\":\"SearchAction\",\"target\":{\"@type\":\"EntryPoint\",\"urlTemplate\":\"https:\\\/\\\/iscsewing.com\\\/?s={search_term_string}\"},\"query-input\":{\"@type\":\"PropertyValueSpecification\",\"valueRequired\":true,\"valueName\":\"search_term_string\"}}],\"inLanguage\":\"es\"},{\"@type\":\"Organization\",\"@id\":\"https:\\\/\\\/iscsewing.com\\\/#organization\",\"name\":\"ISC - Industrial Sewing Consulting LLC\",\"alternateName\":\"ISC - Industrial Sewing Consulting\",\"url\":\"https:\\\/\\\/iscsewing.com\\\/\",\"logo\":{\"@type\":\"ImageObject\",\"inLanguage\":\"es\",\"@id\":\"https:\\\/\\\/iscsewing.com\\\/#\\\/schema\\\/logo\\\/image\\\/\",\"url\":\"https:\\\/\\\/iscsewing.com\\\/wp-content\\\/uploads\\\/2024\\\/07\\\/cropped-ISC9small.png\",\"contentUrl\":\"https:\\\/\\\/iscsewing.com\\\/wp-content\\\/uploads\\\/2024\\\/07\\\/cropped-ISC9small.png\",\"width\":301,\"height\":281,\"caption\":\"ISC - Industrial Sewing Consulting LLC\"},\"image\":{\"@id\":\"https:\\\/\\\/iscsewing.com\\\/#\\\/schema\\\/logo\\\/image\\\/\"},\"sameAs\":[\"https:\\\/\\\/www.facebook.com\\\/profile.php?id=61560347177338\",\"https:\\\/\\\/www.linkedin.com\\\/company\\\/industrial-sewing-consulting\\\/\",\"https:\\\/\\\/www.youtube.com\\\/channel\\\/UCUdBhBN9h1bu0Dhs2aH4-uA\"]}]}<\/script>\n<!-- \/ Yoast SEO plugin. -->","yoast_head_json":{"title":"Consulting - ISC - Industrial Sewing Consulting LLC","description":"Our consulting services include technical foundations, advanced training, and strategic insights. Contact us today for more info.","robots":{"index":"index","follow":"follow","max-snippet":"max-snippet:-1","max-image-preview":"max-image-preview:large","max-video-preview":"max-video-preview:-1"},"canonical":"https:\/\/iscsewing.com\/es\/consulting\/","og_locale":"es_ES","og_type":"article","og_title":"Consulting - ISC - Industrial Sewing Consulting LLC","og_description":"Our consulting services include technical foundations, advanced training, and strategic insights. Contact us today for more info.","og_url":"https:\/\/iscsewing.com\/es\/consulting\/","og_site_name":"ISC - Industrial Sewing Consulting LLC","article_publisher":"https:\/\/www.facebook.com\/profile.php?id=61560347177338","article_modified_time":"2024-08-12T08:59:18+00:00","og_image":[{"url":"https:\/\/iscsewing.com\/wp-content\/uploads\/2024\/07\/ISC-Commiment-to-excelence.jpg","type":"","width":"","height":""}],"twitter_card":"summary_large_image","twitter_misc":{"Tiempo de lectura":"3 minutos"},"schema":{"@context":"https:\/\/schema.org","@graph":[{"@type":"WebPage","@id":"https:\/\/iscsewing.com\/consulting\/","url":"https:\/\/iscsewing.com\/consulting\/","name":"Consulting - ISC - Industrial Sewing Consulting LLC","isPartOf":{"@id":"https:\/\/iscsewing.com\/#website"},"primaryImageOfPage":{"@id":"https:\/\/iscsewing.com\/consulting\/#primaryimage"},"image":{"@id":"https:\/\/iscsewing.com\/consulting\/#primaryimage"},"thumbnailUrl":"https:\/\/iscsewing.com\/wp-content\/uploads\/2024\/07\/ISC-Commiment-to-excelence.jpg","datePublished":"2024-07-18T16:35:19+00:00","dateModified":"2024-08-12T08:59:18+00:00","description":"Our consulting services include technical foundations, advanced training, and strategic insights. Contact us today for more info.","breadcrumb":{"@id":"https:\/\/iscsewing.com\/consulting\/#breadcrumb"},"inLanguage":"es","potentialAction":[{"@type":"ReadAction","target":["https:\/\/iscsewing.com\/consulting\/"]}]},{"@type":"ImageObject","inLanguage":"es","@id":"https:\/\/iscsewing.com\/consulting\/#primaryimage","url":"https:\/\/iscsewing.com\/wp-content\/uploads\/2024\/07\/ISC-Commiment-to-excelence.jpg","contentUrl":"https:\/\/iscsewing.com\/wp-content\/uploads\/2024\/07\/ISC-Commiment-to-excelence.jpg"},{"@type":"BreadcrumbList","@id":"https:\/\/iscsewing.com\/consulting\/#breadcrumb","itemListElement":[{"@type":"ListItem","position":1,"name":"Home","item":"https:\/\/iscsewing.com\/"},{"@type":"ListItem","position":2,"name":"Consulting"}]},{"@type":"WebSite","@id":"https:\/\/iscsewing.com\/#website","url":"https:\/\/iscsewing.com\/","name":"ISCsewing.com","description":"Expert in manufacturing and industrial sewing industry.","publisher":{"@id":"https:\/\/iscsewing.com\/#organization"},"alternateName":"ISC Industrial Sewing Consulting LLC","potentialAction":[{"@type":"SearchAction","target":{"@type":"EntryPoint","urlTemplate":"https:\/\/iscsewing.com\/?s={search_term_string}"},"query-input":{"@type":"PropertyValueSpecification","valueRequired":true,"valueName":"search_term_string"}}],"inLanguage":"es"},{"@type":"Organization","@id":"https:\/\/iscsewing.com\/#organization","name":"ISC - Industrial Sewing Consulting LLC","alternateName":"ISC - Industrial Sewing Consulting","url":"https:\/\/iscsewing.com\/","logo":{"@type":"ImageObject","inLanguage":"es","@id":"https:\/\/iscsewing.com\/#\/schema\/logo\/image\/","url":"https:\/\/iscsewing.com\/wp-content\/uploads\/2024\/07\/cropped-ISC9small.png","contentUrl":"https:\/\/iscsewing.com\/wp-content\/uploads\/2024\/07\/cropped-ISC9small.png","width":301,"height":281,"caption":"ISC - Industrial Sewing Consulting LLC"},"image":{"@id":"https:\/\/iscsewing.com\/#\/schema\/logo\/image\/"},"sameAs":["https:\/\/www.facebook.com\/profile.php?id=61560347177338","https:\/\/www.linkedin.com\/company\/industrial-sewing-consulting\/","https:\/\/www.youtube.com\/channel\/UCUdBhBN9h1bu0Dhs2aH4-uA"]}]}},"_links":{"self":[{"href":"https:\/\/iscsewing.com\/es\/wp-json\/wp\/v2\/pages\/186","targetHints":{"allow":["GET"]}}],"collection":[{"href":"https:\/\/iscsewing.com\/es\/wp-json\/wp\/v2\/pages"}],"about":[{"href":"https:\/\/iscsewing.com\/es\/wp-json\/wp\/v2\/types\/page"}],"author":[{"embeddable":true,"href":"https:\/\/iscsewing.com\/es\/wp-json\/wp\/v2\/users\/1"}],"replies":[{"embeddable":true,"href":"https:\/\/iscsewing.com\/es\/wp-json\/wp\/v2\/comments?post=186"}],"version-history":[{"count":14,"href":"https:\/\/iscsewing.com\/es\/wp-json\/wp\/v2\/pages\/186\/revisions"}],"predecessor-version":[{"id":418,"href":"https:\/\/iscsewing.com\/es\/wp-json\/wp\/v2\/pages\/186\/revisions\/418"}],"wp:attachment":[{"href":"https:\/\/iscsewing.com\/es\/wp-json\/wp\/v2\/media?parent=186"}],"curies":[{"name":"wp","href":"https:\/\/api.w.org\/{rel}","templated":true}]}}