{"id":315,"date":"2024-07-23T16:40:28","date_gmt":"2024-07-23T16:40:28","guid":{"rendered":"https:\/\/iscsewing.com\/?page_id=315"},"modified":"2024-08-08T15:16:48","modified_gmt":"2024-08-08T15:16:48","slug":"support-materials","status":"publish","type":"page","link":"https:\/\/iscsewing.com\/es\/support-materials\/","title":{"rendered":"Materiales De Apoyo"},"content":{"rendered":"<div class=\"gb-container gb-container-ea751c93 alignfull\">\n<div class=\"gb-container gb-container-02c8a35c\">\n\n<h2 class=\"wp-block-heading has-text-align-center\">Materiales De Apoyo<\/h2>\n\n\n\n<h5 class=\"wp-block-heading has-text-align-center\">Bienvenido a nuestro Hub de Material de Apoyo, su centro de recursos para la informaci\u00f3n t\u00e9cnica y los materiales de capacitaci\u00f3n en la fabricaci\u00f3n de prendas de vestir de la industria.<\/h5>\n\n<\/div>\n<\/div>\n\n<div class=\"gb-container gb-container-b05b8e3a alignfull\">\n<div class=\"gb-container gb-container-7a59ed38\">\n\n<h2 class=\"gb-headline gb-headline-3b5fcbe1 gb-headline-text\">Manuales de m\u00e1quinas de coser industriales<\/h2>\n\n\n\n<ul class=\"wp-block-list\">\n<li><a href=\"https:\/\/iscsewing.com\/es\/test-manual\/\" data-type=\"page\" data-id=\"326\" rel=\"nofollow\">Manual de pruebas<\/a><\/li>\n<\/ul>\n\n<\/div>\n<\/div>\n\n<div class=\"gb-container gb-container-5b6a35dc alignfull\">\n<div class=\"gb-container gb-container-6bef74d3\">\n\n<h2 class=\"wp-block-heading has-text-align-center\">\u00bfNo encuentra el material que necesita? Cont\u00e1ctenos.<\/h2>\n\n<\/div>\n<\/div>\n\n<div class=\"gb-container gb-container-cc2bb84e alignfull\">\n<div class=\"gb-container gb-container-e4fb6b1c\">\n\n<h3 class=\"gb-headline gb-headline-ea1d70ed gb-headline-text\">\u00danase a las empresas exitosas que han transformado sus operaciones de costura industrial con nuestros servicios de consultor\u00eda experta.<\/h3>\n\n\n<div class=\"gb-container gb-container-6f1206f1\">\n<div class=\"gb-grid-wrapper gb-grid-wrapper-74db93fd\">\n<div class=\"gb-grid-column gb-grid-column-8db96387\"><div class=\"gb-container gb-container-8db96387\">\n\n<h4 class=\"gb-headline gb-headline-5d50a2c7 gb-headline-text\">En Industrial Sewing Consulting, estamos comprometidos a ayudar a coser el futuro de su negocio.<\/h4>\n\n<\/div><\/div>\n\n<div class=\"gb-grid-column gb-grid-column-f7060bb3\"><div class=\"gb-container gb-container-f7060bb3\">\n\n<a class=\"gb-button gb-button-a8a0e3e1 gb-button-text\" href=\"https:\/\/iscsewing.com\/es\/contact\/\">CONT\u00c1CTENOS AQU\u00cd<\/a>\n\n<\/div><\/div>\n<\/div>\n<\/div>\n<\/div>\n<\/div>","protected":false},"excerpt":{"rendered":"<p>Support Materials Welcome to our Support Material Hub, your go-to resource for technical information and training materials in the apparel manufacturing industry. Industrial Sewing Machine Manuals Can&#8217;t find the material you need? Contact us. Join the ranks of successful businesses that have transformed their sewing operations with our expert consulting services.<\/p>","protected":false},"author":1,"featured_media":0,"parent":0,"menu_order":0,"comment_status":"closed","ping_status":"closed","template":"","meta":{"footnotes":""},"class_list":["post-315","page","type-page","status-publish"],"yoast_head":"<!-- This site is optimized with the Yoast SEO plugin v27.4 - https:\/\/yoast.com\/product\/yoast-seo-wordpress\/ -->\n<title>Support Materials - ISC - Industrial Sewing Consulting LLC<\/title>\n<meta name=\"description\" content=\"Support Material Hub, your go-to resource for technical information and training materials in the apparel manufacturing industry.\" \/>\n<meta name=\"robots\" content=\"index, follow, max-snippet:-1, max-image-preview:large, max-video-preview:-1\" \/>\n<link rel=\"canonical\" href=\"https:\/\/iscsewing.com\/es\/support-materials\/\" \/>\n<meta property=\"og:locale\" content=\"es_ES\" \/>\n<meta property=\"og:type\" content=\"article\" \/>\n<meta property=\"og:title\" content=\"Support Materials - ISC - Industrial Sewing Consulting LLC\" \/>\n<meta property=\"og:description\" content=\"Support Material Hub, your go-to resource for technical information and training materials in the apparel manufacturing industry.\" \/>\n<meta property=\"og:url\" content=\"https:\/\/iscsewing.com\/es\/support-materials\/\" \/>\n<meta property=\"og:site_name\" content=\"ISC - Industrial Sewing Consulting LLC\" \/>\n<meta property=\"article:publisher\" content=\"https:\/\/www.facebook.com\/profile.php?id=61560347177338\" \/>\n<meta property=\"article:modified_time\" content=\"2024-08-08T15:16:48+00:00\" \/>\n<meta name=\"twitter:card\" content=\"summary_large_image\" \/>\n<meta name=\"twitter:label1\" content=\"Tiempo de lectura\" \/>\n\t<meta name=\"twitter:data1\" content=\"1 minuto\" \/>\n<script type=\"application\/ld+json\" class=\"yoast-schema-graph\">{\"@context\":\"https:\\\/\\\/schema.org\",\"@graph\":[{\"@type\":\"WebPage\",\"@id\":\"https:\\\/\\\/iscsewing.com\\\/support-materials\\\/\",\"url\":\"https:\\\/\\\/iscsewing.com\\\/support-materials\\\/\",\"name\":\"Support Materials - ISC - Industrial Sewing Consulting LLC\",\"isPartOf\":{\"@id\":\"https:\\\/\\\/iscsewing.com\\\/#website\"},\"datePublished\":\"2024-07-23T16:40:28+00:00\",\"dateModified\":\"2024-08-08T15:16:48+00:00\",\"description\":\"Support Material Hub, your go-to resource for technical information and training materials in the apparel manufacturing industry.\",\"breadcrumb\":{\"@id\":\"https:\\\/\\\/iscsewing.com\\\/support-materials\\\/#breadcrumb\"},\"inLanguage\":\"es\",\"potentialAction\":[{\"@type\":\"ReadAction\",\"target\":[\"https:\\\/\\\/iscsewing.com\\\/support-materials\\\/\"]}]},{\"@type\":\"BreadcrumbList\",\"@id\":\"https:\\\/\\\/iscsewing.com\\\/support-materials\\\/#breadcrumb\",\"itemListElement\":[{\"@type\":\"ListItem\",\"position\":1,\"name\":\"Home\",\"item\":\"https:\\\/\\\/iscsewing.com\\\/\"},{\"@type\":\"ListItem\",\"position\":2,\"name\":\"Support Materials\"}]},{\"@type\":\"WebSite\",\"@id\":\"https:\\\/\\\/iscsewing.com\\\/#website\",\"url\":\"https:\\\/\\\/iscsewing.com\\\/\",\"name\":\"ISCsewing.com\",\"description\":\"Expert in manufacturing and industrial sewing industry.\",\"publisher\":{\"@id\":\"https:\\\/\\\/iscsewing.com\\\/#organization\"},\"alternateName\":\"ISC Industrial Sewing Consulting LLC\",\"potentialAction\":[{\"@type\":\"SearchAction\",\"target\":{\"@type\":\"EntryPoint\",\"urlTemplate\":\"https:\\\/\\\/iscsewing.com\\\/?s={search_term_string}\"},\"query-input\":{\"@type\":\"PropertyValueSpecification\",\"valueRequired\":true,\"valueName\":\"search_term_string\"}}],\"inLanguage\":\"es\"},{\"@type\":\"Organization\",\"@id\":\"https:\\\/\\\/iscsewing.com\\\/#organization\",\"name\":\"ISC - Industrial Sewing Consulting LLC\",\"alternateName\":\"ISC - Industrial Sewing Consulting\",\"url\":\"https:\\\/\\\/iscsewing.com\\\/\",\"logo\":{\"@type\":\"ImageObject\",\"inLanguage\":\"es\",\"@id\":\"https:\\\/\\\/iscsewing.com\\\/#\\\/schema\\\/logo\\\/image\\\/\",\"url\":\"https:\\\/\\\/iscsewing.com\\\/wp-content\\\/uploads\\\/2024\\\/07\\\/cropped-ISC9small.png\",\"contentUrl\":\"https:\\\/\\\/iscsewing.com\\\/wp-content\\\/uploads\\\/2024\\\/07\\\/cropped-ISC9small.png\",\"width\":301,\"height\":281,\"caption\":\"ISC - Industrial Sewing Consulting LLC\"},\"image\":{\"@id\":\"https:\\\/\\\/iscsewing.com\\\/#\\\/schema\\\/logo\\\/image\\\/\"},\"sameAs\":[\"https:\\\/\\\/www.facebook.com\\\/profile.php?id=61560347177338\",\"https:\\\/\\\/www.linkedin.com\\\/company\\\/industrial-sewing-consulting\\\/\",\"https:\\\/\\\/www.youtube.com\\\/channel\\\/UCUdBhBN9h1bu0Dhs2aH4-uA\"]}]}<\/script>\n<!-- \/ Yoast SEO plugin. -->","yoast_head_json":{"title":"Support Materials - ISC - Industrial Sewing Consulting LLC","description":"Support Material Hub, your go-to resource for technical information and training materials in the apparel manufacturing industry.","robots":{"index":"index","follow":"follow","max-snippet":"max-snippet:-1","max-image-preview":"max-image-preview:large","max-video-preview":"max-video-preview:-1"},"canonical":"https:\/\/iscsewing.com\/es\/support-materials\/","og_locale":"es_ES","og_type":"article","og_title":"Support Materials - ISC - Industrial Sewing Consulting LLC","og_description":"Support Material Hub, your go-to resource for technical information and training materials in the apparel manufacturing industry.","og_url":"https:\/\/iscsewing.com\/es\/support-materials\/","og_site_name":"ISC - Industrial Sewing Consulting LLC","article_publisher":"https:\/\/www.facebook.com\/profile.php?id=61560347177338","article_modified_time":"2024-08-08T15:16:48+00:00","twitter_card":"summary_large_image","twitter_misc":{"Tiempo de lectura":"1 minuto"},"schema":{"@context":"https:\/\/schema.org","@graph":[{"@type":"WebPage","@id":"https:\/\/iscsewing.com\/support-materials\/","url":"https:\/\/iscsewing.com\/support-materials\/","name":"Support Materials - ISC - Industrial Sewing Consulting LLC","isPartOf":{"@id":"https:\/\/iscsewing.com\/#website"},"datePublished":"2024-07-23T16:40:28+00:00","dateModified":"2024-08-08T15:16:48+00:00","description":"Support Material Hub, your go-to resource for technical information and training materials in the apparel manufacturing industry.","breadcrumb":{"@id":"https:\/\/iscsewing.com\/support-materials\/#breadcrumb"},"inLanguage":"es","potentialAction":[{"@type":"ReadAction","target":["https:\/\/iscsewing.com\/support-materials\/"]}]},{"@type":"BreadcrumbList","@id":"https:\/\/iscsewing.com\/support-materials\/#breadcrumb","itemListElement":[{"@type":"ListItem","position":1,"name":"Home","item":"https:\/\/iscsewing.com\/"},{"@type":"ListItem","position":2,"name":"Support Materials"}]},{"@type":"WebSite","@id":"https:\/\/iscsewing.com\/#website","url":"https:\/\/iscsewing.com\/","name":"ISCsewing.com","description":"Expert in manufacturing and industrial sewing industry.","publisher":{"@id":"https:\/\/iscsewing.com\/#organization"},"alternateName":"ISC Industrial Sewing Consulting LLC","potentialAction":[{"@type":"SearchAction","target":{"@type":"EntryPoint","urlTemplate":"https:\/\/iscsewing.com\/?s={search_term_string}"},"query-input":{"@type":"PropertyValueSpecification","valueRequired":true,"valueName":"search_term_string"}}],"inLanguage":"es"},{"@type":"Organization","@id":"https:\/\/iscsewing.com\/#organization","name":"ISC - Industrial Sewing Consulting LLC","alternateName":"ISC - Industrial Sewing Consulting","url":"https:\/\/iscsewing.com\/","logo":{"@type":"ImageObject","inLanguage":"es","@id":"https:\/\/iscsewing.com\/#\/schema\/logo\/image\/","url":"https:\/\/iscsewing.com\/wp-content\/uploads\/2024\/07\/cropped-ISC9small.png","contentUrl":"https:\/\/iscsewing.com\/wp-content\/uploads\/2024\/07\/cropped-ISC9small.png","width":301,"height":281,"caption":"ISC - Industrial Sewing Consulting LLC"},"image":{"@id":"https:\/\/iscsewing.com\/#\/schema\/logo\/image\/"},"sameAs":["https:\/\/www.facebook.com\/profile.php?id=61560347177338","https:\/\/www.linkedin.com\/company\/industrial-sewing-consulting\/","https:\/\/www.youtube.com\/channel\/UCUdBhBN9h1bu0Dhs2aH4-uA"]}]}},"_links":{"self":[{"href":"https:\/\/iscsewing.com\/es\/wp-json\/wp\/v2\/pages\/315","targetHints":{"allow":["GET"]}}],"collection":[{"href":"https:\/\/iscsewing.com\/es\/wp-json\/wp\/v2\/pages"}],"about":[{"href":"https:\/\/iscsewing.com\/es\/wp-json\/wp\/v2\/types\/page"}],"author":[{"embeddable":true,"href":"https:\/\/iscsewing.com\/es\/wp-json\/wp\/v2\/users\/1"}],"replies":[{"embeddable":true,"href":"https:\/\/iscsewing.com\/es\/wp-json\/wp\/v2\/comments?post=315"}],"version-history":[{"count":13,"href":"https:\/\/iscsewing.com\/es\/wp-json\/wp\/v2\/pages\/315\/revisions"}],"predecessor-version":[{"id":405,"href":"https:\/\/iscsewing.com\/es\/wp-json\/wp\/v2\/pages\/315\/revisions\/405"}],"wp:attachment":[{"href":"https:\/\/iscsewing.com\/es\/wp-json\/wp\/v2\/media?parent=315"}],"curies":[{"name":"wp","href":"https:\/\/api.w.org\/{rel}","templated":true}]}}